{"id":631,"date":"2025-01-27T13:33:57","date_gmt":"2025-01-27T12:33:57","guid":{"rendered":"https:\/\/abire.es\/nuevaweb\/?page_id=631"},"modified":"2025-12-23T10:05:47","modified_gmt":"2025-12-23T09:05:47","slug":"aviso-legal","status":"publish","type":"page","link":"https:\/\/abire.es\/nuevaweb\/aviso-legal\/","title":{"rendered":"Aviso Legal"},"content":{"rendered":"\t\t<div data-elementor-type=\"wp-page\" data-elementor-id=\"631\" class=\"elementor elementor-631\" data-elementor-post-type=\"page\">\n\t\t\t\t<div class=\"elementor-element elementor-element-f5c7211 e-flex e-con-boxed e-con e-parent\" data-id=\"f5c7211\" data-element_type=\"container\">\n\t\t\t\t\t<div class=\"e-con-inner\">\n\t\t<div class=\"elementor-element elementor-element-2251fce e-con-full e-flex elementor-invisible e-con e-child\" data-id=\"2251fce\" data-element_type=\"container\" data-settings=\"{&quot;animation&quot;:&quot;fadeIn&quot;,&quot;animation_delay&quot;:200}\">\n\t\t\t\t<div class=\"elementor-element elementor-element-c816a83 elementor-widget elementor-widget-heading\" data-id=\"c816a83\" data-element_type=\"widget\" data-widget_type=\"heading.default\">\n\t\t\t\t<div class=\"elementor-widget-container\">\n\t\t\t\t\t<h3 class=\"elementor-heading-title elementor-size-default\">Aviso Legal<\/h3>\t\t\t\t<\/div>\n\t\t\t\t<\/div>\n\t\t\t\t<div class=\"elementor-element elementor-element-fe61d22 elementor-widget elementor-widget-text-editor\" data-id=\"fe61d22\" data-element_type=\"widget\" data-widget_type=\"text-editor.default\">\n\t\t\t\t<div class=\"elementor-widget-container\">\n\t\t\t\t\t\t\t\t\t<h6>LEY 34\/2002, DE 11 DE JULIO, DE SERVICIOS DE LA SOCIEDAD DE LA INFORMACI\u00d3N Y DEL COMERCIO ELECTR\u00d3NICO<\/h6><p><span style=\"text-decoration: underline;\">DATOS IDENTIFICATIVOS<\/span><\/p><p>En cumplimiento con el deber de informaci\u00f3n recogido en art\u00edculo 10 de la Ley 34\/2002, de 11 de julio, de Servicios de la Sociedad de la Informaci\u00f3n y del Comercio Electr\u00f3nico, se informa que la empresa titular de esta p\u00e1gina web es ABIRE ASESORES Y CONSULTORES DE FORMACI\u00d3N, S.L., de nacionalidad espa\u00f1ola, con domicilio en Pol\u00edgono Industrial de Antequera, C\/ El Efebo, 6,\u00a0 29200 Antequera (M\u00e1laga),y con C.I.F: B-93.170.504, correo electr\u00f3nico de contacto info@abire.es, tel\u00e9fono 951 080 170, inscrita en el registro mercantil de M\u00e1laga, Hoja MA-112546, tomo 4980, Libro 3887 , Folio 134.<\/p><p>En este espacio, el usuario, podr\u00e1 encontrar toda la informaci\u00f3n relativa a los t\u00e9rminos y condiciones legales que definen las relaciones entre los usuarios y ABIRE como responsables de esta web. Como usuario, es importante que conozca estos t\u00e9rminos antes de continuar la navegaci\u00f3n.<\/p><p>La web de ABIRE\u00a0 no se dirige a menores de 18 a\u00f1os. Al aceptar la presente Pol\u00edtica de Privacidad el Usuario declara y garantiza que es mayor de 18 a\u00f1os.<\/p><p><b>Abire Asesores y Consultores en Formaci\u00f3n S.L.\u00a0<\/b>con CIF B93170504 le informa de que los contenidos de este sitio web son propiedad de esta entidad y est\u00e1n protegidos por las leyes y tratados sobre propiedad intelectual e industrial.<\/p><p>Se proh\u00edbe expresamente toda reproducci\u00f3n, copia, transmisi\u00f3n, distribuci\u00f3n o manipulaci\u00f3n de dicho contenido, en todo o en parte, sin permiso expreso por parte de\u00a0<b>Abire Asesores y Consultores en Formaci\u00f3n S.L.<\/b><\/p><p><b>Abire Asesores y Consultores en Formaci\u00f3n S.L.\u00a0<\/b>no se responsabiliza de la inadecuada utilizaci\u00f3n de los contenidos de esta p\u00e1gina web por parte del usuario.<\/p><p><b>Abire Asesores y Consultores en Formaci\u00f3n S.L.<\/b>\u00a0no se responsabiliza del contenido e informaci\u00f3n de las p\u00e1ginas web de terceros a las que pueda llamarse mediante enlaces o links de este sitio.<\/p><p><b>Abire Asesores y Consultores en Formaci\u00f3n S.L.\u00a0<\/b>se reserva el derecho de actualizar o modificar los contenidos de estas p\u00e1ginas sin previo aviso.<\/p>\t\t\t\t\t\t\t\t<\/div>\n\t\t\t\t<\/div>\n\t\t\t\t<\/div>\n\t\t\t\t\t<\/div>\n\t\t\t\t<\/div>\n\t\t\t\t<\/div>\n\t\t","protected":false},"excerpt":{"rendered":"<p>Aviso Legal LEY 34\/2002, DE 11 DE JULIO, DE SERVICIOS DE LA SOCIEDAD DE LA INFORMACI\u00d3N Y DEL COMERCIO ELECTR\u00d3NICO DATOS IDENTIFICATIVOS En cumplimiento con el deber de informaci\u00f3n recogido en art\u00edculo 10 de la Ley 34\/2002, de 11 de julio, de Servicios de la Sociedad de la Informaci\u00f3n y del Comercio Electr\u00f3nico, se informa [&hellip;]<\/p>\n","protected":false},"author":1,"featured_media":0,"parent":0,"menu_order":0,"comment_status":"closed","ping_status":"closed","template":"","meta":{"footnotes":""},"class_list":["post-631","page","type-page","status-publish","hentry"],"_links":{"self":[{"href":"https:\/\/abire.es\/nuevaweb\/wp-json\/wp\/v2\/pages\/631","targetHints":{"allow":["GET"]}}],"collection":[{"href":"https:\/\/abire.es\/nuevaweb\/wp-json\/wp\/v2\/pages"}],"about":[{"href":"https:\/\/abire.es\/nuevaweb\/wp-json\/wp\/v2\/types\/page"}],"author":[{"embeddable":true,"href":"https:\/\/abire.es\/nuevaweb\/wp-json\/wp\/v2\/users\/1"}],"replies":[{"embeddable":true,"href":"https:\/\/abire.es\/nuevaweb\/wp-json\/wp\/v2\/comments?post=631"}],"version-history":[{"count":28,"href":"https:\/\/abire.es\/nuevaweb\/wp-json\/wp\/v2\/pages\/631\/revisions"}],"predecessor-version":[{"id":4093,"href":"https:\/\/abire.es\/nuevaweb\/wp-json\/wp\/v2\/pages\/631\/revisions\/4093"}],"wp:attachment":[{"href":"https:\/\/abire.es\/nuevaweb\/wp-json\/wp\/v2\/media?parent=631"}],"curies":[{"name":"wp","href":"https:\/\/api.w.org\/{rel}","templated":true}]}}