{"id":633,"date":"2025-01-27T13:34:22","date_gmt":"2025-01-27T12:34:22","guid":{"rendered":"https:\/\/abire.es\/nuevaweb\/?page_id=633"},"modified":"2025-04-24T13:44:30","modified_gmt":"2025-04-24T11:44:30","slug":"politica-de-cookies","status":"publish","type":"page","link":"https:\/\/abire.es\/nuevaweb\/politica-de-cookies\/","title":{"rendered":"Pol\u00edtica de Cookies"},"content":{"rendered":"\t\t<div data-elementor-type=\"wp-page\" data-elementor-id=\"633\" class=\"elementor elementor-633\" data-elementor-post-type=\"page\">\n\t\t\t\t<div class=\"elementor-element elementor-element-cbce962 e-flex e-con-boxed e-con e-parent\" data-id=\"cbce962\" data-element_type=\"container\">\n\t\t\t\t\t<div class=\"e-con-inner\">\n\t\t<div class=\"elementor-element elementor-element-636dcd5 e-con-full e-flex elementor-invisible e-con e-child\" data-id=\"636dcd5\" data-element_type=\"container\" data-settings=\"{&quot;animation&quot;:&quot;fadeIn&quot;,&quot;animation_delay&quot;:200}\">\n\t\t\t\t<div class=\"elementor-element elementor-element-805e805 elementor-widget elementor-widget-heading\" data-id=\"805e805\" data-element_type=\"widget\" data-widget_type=\"heading.default\">\n\t\t\t\t<div class=\"elementor-widget-container\">\n\t\t\t\t\t<h3 class=\"elementor-heading-title elementor-size-default\">Pol\u00edtica de Cookies<\/h3>\t\t\t\t<\/div>\n\t\t\t\t<\/div>\n\t\t\t\t<\/div>\n\t\t\t\t\t<\/div>\n\t\t\t\t<\/div>\n\t\t<div class=\"elementor-element elementor-element-851ef7d e-flex e-con-boxed e-con e-parent\" data-id=\"851ef7d\" data-element_type=\"container\">\n\t\t\t\t\t<div class=\"e-con-inner\">\n\t\t<div class=\"elementor-element elementor-element-512eaaa e-con-full e-flex elementor-invisible e-con e-child\" data-id=\"512eaaa\" data-element_type=\"container\" data-settings=\"{&quot;animation&quot;:&quot;fadeIn&quot;,&quot;animation_delay&quot;:200}\">\n\t\t<div class=\"elementor-element elementor-element-edcd0af e-con-full e-flex e-con e-child\" data-id=\"edcd0af\" data-element_type=\"container\">\n\t\t<div class=\"elementor-element elementor-element-85cf807 e-con-full e-flex e-con e-child\" data-id=\"85cf807\" data-element_type=\"container\">\n\t\t\t\t<div class=\"elementor-element elementor-element-cda9d14 elementor-widget elementor-widget-heading\" data-id=\"cda9d14\" data-element_type=\"widget\" data-widget_type=\"heading.default\">\n\t\t\t\t<div class=\"elementor-widget-container\">\n\t\t\t\t\t<h3 class=\"elementor-heading-title elementor-size-default\">\u00bfAbire Asesores y Consultores en Formaci\u00f3n S.L utiliza cookies?<\/h3>\t\t\t\t<\/div>\n\t\t\t\t<\/div>\n\t\t\t\t<\/div>\n\t\t\t\t<\/div>\n\t\t\t\t<\/div>\n\t\t\t\t\t<\/div>\n\t\t\t\t<\/div>\n\t\t<div class=\"elementor-element elementor-element-770f2fb e-flex e-con-boxed e-con e-parent\" data-id=\"770f2fb\" data-element_type=\"container\">\n\t\t\t\t\t<div class=\"e-con-inner\">\n\t\t<div class=\"elementor-element elementor-element-34a4c8e e-con-full e-flex elementor-invisible e-con e-child\" data-id=\"34a4c8e\" data-element_type=\"container\" data-settings=\"{&quot;animation&quot;:&quot;fadeIn&quot;,&quot;animation_delay&quot;:200}\">\n\t\t<div class=\"elementor-element elementor-element-47410a0 e-con-full e-flex e-con e-child\" data-id=\"47410a0\" data-element_type=\"container\">\n\t\t<div class=\"elementor-element elementor-element-9c019dd e-con-full e-flex e-con e-child\" data-id=\"9c019dd\" data-element_type=\"container\">\n\t\t\t\t<div class=\"elementor-element elementor-element-2decf7e elementor-widget elementor-widget-text-editor\" data-id=\"2decf7e\" data-element_type=\"widget\" data-widget_type=\"text-editor.default\">\n\t\t\t\t<div class=\"elementor-widget-container\">\n\t\t\t\t\t\t\t\t\t<p>Abire Asesores y Consultores en Formaci\u00f3n S.L utiliza cookies con el fin de facilitar tu navegaci\u00f3n y proporcionarte una mejor experiencia. Esta pol\u00edtica explica c\u00f3mo lo hacemos.<\/p>\t\t\t\t\t\t\t\t<\/div>\n\t\t\t\t<\/div>\n\t\t\t\t<\/div>\n\t\t\t\t<\/div>\n\t\t\t\t<\/div>\n\t\t\t\t\t<\/div>\n\t\t\t\t<\/div>\n\t\t<div class=\"elementor-element elementor-element-4db3beb e-flex e-con-boxed e-con e-parent\" data-id=\"4db3beb\" data-element_type=\"container\">\n\t\t\t\t\t<div class=\"e-con-inner\">\n\t\t<div class=\"elementor-element elementor-element-c4faed3 e-con-full e-flex elementor-invisible e-con e-child\" data-id=\"c4faed3\" data-element_type=\"container\" data-settings=\"{&quot;animation&quot;:&quot;fadeIn&quot;,&quot;animation_delay&quot;:200}\">\n\t\t<div class=\"elementor-element elementor-element-0f5ecf0 e-con-full e-flex e-con e-child\" data-id=\"0f5ecf0\" data-element_type=\"container\">\n\t\t<div class=\"elementor-element elementor-element-79c9c56 e-con-full e-flex e-con e-child\" data-id=\"79c9c56\" data-element_type=\"container\">\n\t\t\t\t<div class=\"elementor-element elementor-element-53c8dc4 elementor-widget elementor-widget-heading\" data-id=\"53c8dc4\" data-element_type=\"widget\" data-widget_type=\"heading.default\">\n\t\t\t\t<div class=\"elementor-widget-container\">\n\t\t\t\t\t<h3 class=\"elementor-heading-title elementor-size-default\">\u00bfQu\u00e9 es una cookie?<\/h3>\t\t\t\t<\/div>\n\t\t\t\t<\/div>\n\t\t\t\t<\/div>\n\t\t\t\t<\/div>\n\t\t\t\t<\/div>\n\t\t\t\t\t<\/div>\n\t\t\t\t<\/div>\n\t\t<div class=\"elementor-element elementor-element-db759f8 e-flex e-con-boxed e-con e-parent\" data-id=\"db759f8\" data-element_type=\"container\">\n\t\t\t\t\t<div class=\"e-con-inner\">\n\t\t<div class=\"elementor-element elementor-element-fab8ecd e-con-full e-flex elementor-invisible e-con e-child\" data-id=\"fab8ecd\" data-element_type=\"container\" data-settings=\"{&quot;animation&quot;:&quot;fadeIn&quot;,&quot;animation_delay&quot;:200}\">\n\t\t<div class=\"elementor-element elementor-element-05a9e84 e-con-full e-flex e-con e-child\" data-id=\"05a9e84\" data-element_type=\"container\">\n\t\t<div class=\"elementor-element elementor-element-4e3c856 e-con-full e-flex e-con e-child\" data-id=\"4e3c856\" data-element_type=\"container\">\n\t\t\t\t<div class=\"elementor-element elementor-element-c853110 elementor-widget elementor-widget-text-editor\" data-id=\"c853110\" data-element_type=\"widget\" data-widget_type=\"text-editor.default\">\n\t\t\t\t<div class=\"elementor-widget-container\">\n\t\t\t\t\t\t\t\t\t<p>Como sabes, las cookies son peque\u00f1os ficheros de datos que se alojan en el ordenador del usuario y que contienen cierta informaci\u00f3n de la visita que haces a la p\u00e1gina web. La cookie es descargada por el dispositivo que usas para acceder a nuestra web y almacenada en el disco duro de dicho dispositivo. Estas cookies tienen varias utilidades, entre ellas permitir que nuestra web reconozca tu dispositivo cuando vuelvas a visitarnos, asegurar que recibes el contenido correcto y guardar informaci\u00f3n con preferencias o servicios que nos hayas proporcionado. Utilizamos la palabra cookie en esta pol\u00edtica para referirnos a todos los archivos que almacenan informaci\u00f3n de esta manera.<\/p>\t\t\t\t\t\t\t\t<\/div>\n\t\t\t\t<\/div>\n\t\t\t\t<\/div>\n\t\t\t\t<\/div>\n\t\t\t\t<\/div>\n\t\t\t\t\t<\/div>\n\t\t\t\t<\/div>\n\t\t<div class=\"elementor-element elementor-element-cc79cdc e-flex e-con-boxed e-con e-parent\" data-id=\"cc79cdc\" data-element_type=\"container\">\n\t\t\t\t\t<div class=\"e-con-inner\">\n\t\t<div class=\"elementor-element elementor-element-0df8944 e-con-full e-flex elementor-invisible e-con e-child\" data-id=\"0df8944\" data-element_type=\"container\" data-settings=\"{&quot;animation&quot;:&quot;fadeIn&quot;,&quot;animation_delay&quot;:200}\">\n\t\t<div class=\"elementor-element elementor-element-99293eb e-con-full e-flex e-con e-child\" data-id=\"99293eb\" data-element_type=\"container\">\n\t\t<div class=\"elementor-element elementor-element-e46faae e-con-full e-flex e-con e-child\" data-id=\"e46faae\" data-element_type=\"container\">\n\t\t\t\t<div class=\"elementor-element elementor-element-2b16a0a elementor-widget elementor-widget-heading\" data-id=\"2b16a0a\" data-element_type=\"widget\" data-widget_type=\"heading.default\">\n\t\t\t\t<div class=\"elementor-widget-container\">\n\t\t\t\t\t<h3 class=\"elementor-heading-title elementor-size-default\">\u00bfQu\u00e9 cookies utilizamos?<\/h3>\t\t\t\t<\/div>\n\t\t\t\t<\/div>\n\t\t\t\t<\/div>\n\t\t\t\t<\/div>\n\t\t\t\t<\/div>\n\t\t\t\t\t<\/div>\n\t\t\t\t<\/div>\n\t\t<div class=\"elementor-element elementor-element-7ead6e0 e-flex e-con-boxed e-con e-parent\" data-id=\"7ead6e0\" data-element_type=\"container\">\n\t\t\t\t\t<div class=\"e-con-inner\">\n\t\t<div class=\"elementor-element elementor-element-9bfab56 e-con-full e-flex elementor-invisible e-con e-child\" data-id=\"9bfab56\" data-element_type=\"container\" data-settings=\"{&quot;animation&quot;:&quot;fadeIn&quot;,&quot;animation_delay&quot;:200}\">\n\t\t<div class=\"elementor-element elementor-element-50d23b6 e-con-full e-flex e-con e-child\" data-id=\"50d23b6\" data-element_type=\"container\">\n\t\t<div class=\"elementor-element elementor-element-4936950 e-con-full e-flex e-con e-child\" data-id=\"4936950\" data-element_type=\"container\">\n\t\t\t\t<div class=\"elementor-element elementor-element-e97c3fe elementor-widget elementor-widget-text-editor\" data-id=\"e97c3fe\" data-element_type=\"widget\" data-widget_type=\"text-editor.default\">\n\t\t\t\t<div class=\"elementor-widget-container\">\n\t\t\t\t\t\t\t\t\t<p>Nuestro software y el analizador de tr\u00e1fico del sitio web utiliza cookies y seguimientos de IP que nos permiten recoger datos a efectos estad\u00edsticos tales como la fecha de la primera visita, n\u00famero de veces que se ha visitado, fecha de la \u00faltima visita, URL y dominio de la que proviene, explorador utilizado y resoluci\u00f3n de la pantalla. No obstante, el usuario si lo desea puede desactivar y\/o eliminar estas cookies siguiendo las instrucciones de su navegador de internet aunque su capacidad de utilizar funcionalidades del sitio puede verse mermada sensiblemente y no ser compatible con las necesidades del usuario. Estas cookies obtienen informaci\u00f3n gen\u00e9rica sobre los accesos de los usuarios al sitio web (no al contenido del mismo) para proporcionarnos posteriormente informaci\u00f3n agregada de dichos accesos con fines estad\u00edsticos. Las cookies de nuestra web se dividen en cuatro categor\u00edas:<\/p><p>Cookies de rendimiento: Utilizamos cookies para analizar c\u00f3mo los visitantes usan nuestra web y monitorizar el rendimiento de nuestra web. Esto nos permite identificar problemas y solucionarlos r\u00e1pidamente. Por ejemplo, podemos utilizar las cookies de rendimiento para mantener un registro de que paginas son m\u00e1s populares. Tambi\u00e9n puede ser que utilicemos las cookies de rendimiento son m\u00e1s populares. Tambi\u00e9n puede ser que utilicemos las cookies de rendimiento para mostrar enlaces a otras p\u00e1ginas que creamos que te puedan interesar, en base a las p\u00e1ginas que has visto anteriormente.<\/p><p>Cookies de terceros: Te informamos que hay terceros que pueden usar cookies sobre las que nosotros no tenemos ning\u00fan control para ofrecerte anuncios personalizados. Estas cookies probablemente sean de rendimiento o de publicidad\/seguimiento. No tenemos control sobre estas cookies de terceros y para obtener m\u00e1s informaci\u00f3n deber\u00edas comprobar la pol\u00edtica de privacidad y\/o cookies del tercero. A continuaci\u00f3n se incluye un cuadro con las cookies utilizadas por este sitio web junto con la finalidad de cada una de ellas:<\/p>\t\t\t\t\t\t\t\t<\/div>\n\t\t\t\t<\/div>\n\t\t\t\t<\/div>\n\t\t\t\t<\/div>\n\t\t\t\t<\/div>\n\t\t\t\t\t<\/div>\n\t\t\t\t<\/div>\n\t\t<div class=\"elementor-element elementor-element-55cda32 e-flex e-con-boxed e-con e-parent\" data-id=\"55cda32\" data-element_type=\"container\">\n\t\t\t\t\t<div class=\"e-con-inner\">\n\t\t\t\t<div class=\"elementor-element elementor-element-00e8dce elementor-widget elementor-widget-image\" data-id=\"00e8dce\" data-element_type=\"widget\" data-widget_type=\"image.default\">\n\t\t\t\t<div class=\"elementor-widget-container\">\n\t\t\t\t\t\t\t\t\t\t\t\t\t\t\t<img fetchpriority=\"high\" decoding=\"async\" width=\"768\" height=\"432\" src=\"https:\/\/abire.es\/nuevaweb\/wp-content\/uploads\/2025\/04\/COOKIES-1-768x432.jpg\" class=\"attachment-medium_large size-medium_large wp-image-3098\" alt=\"Pol\u00edtica de Cookies\" srcset=\"https:\/\/abire.es\/nuevaweb\/wp-content\/uploads\/2025\/04\/COOKIES-1-768x432.jpg 768w, https:\/\/abire.es\/nuevaweb\/wp-content\/uploads\/2025\/04\/COOKIES-1-300x169.jpg 300w, https:\/\/abire.es\/nuevaweb\/wp-content\/uploads\/2025\/04\/COOKIES-1-1024x576.jpg 1024w, https:\/\/abire.es\/nuevaweb\/wp-content\/uploads\/2025\/04\/COOKIES-1-1536x864.jpg 1536w, https:\/\/abire.es\/nuevaweb\/wp-content\/uploads\/2025\/04\/COOKIES-1.jpg 1920w\" sizes=\"(max-width: 768px) 100vw, 768px\" \/>\t\t\t\t\t\t\t\t\t\t\t\t\t\t\t<\/div>\n\t\t\t\t<\/div>\n\t\t\t\t\t<\/div>\n\t\t\t\t<\/div>\n\t\t<div class=\"elementor-element elementor-element-75393a1 e-flex e-con-boxed e-con e-parent\" data-id=\"75393a1\" data-element_type=\"container\">\n\t\t\t\t\t<div class=\"e-con-inner\">\n\t\t<div class=\"elementor-element elementor-element-c0343e4 e-con-full e-flex elementor-invisible e-con e-child\" data-id=\"c0343e4\" data-element_type=\"container\" data-settings=\"{&quot;animation&quot;:&quot;fadeIn&quot;,&quot;animation_delay&quot;:200}\">\n\t\t<div class=\"elementor-element elementor-element-7de96f9 e-con-full e-flex e-con e-child\" data-id=\"7de96f9\" data-element_type=\"container\">\n\t\t<div class=\"elementor-element elementor-element-7734cf9 e-con-full e-flex e-con e-child\" data-id=\"7734cf9\" data-element_type=\"container\">\n\t\t\t\t<div class=\"elementor-element elementor-element-4dec508 elementor-widget elementor-widget-heading\" data-id=\"4dec508\" data-element_type=\"widget\" data-widget_type=\"heading.default\">\n\t\t\t\t<div class=\"elementor-widget-container\">\n\t\t\t\t\t<h3 class=\"elementor-heading-title elementor-size-default\">\u00bfC\u00f3mo puedo activar o desactivar las cookies?<\/h3>\t\t\t\t<\/div>\n\t\t\t\t<\/div>\n\t\t\t\t<\/div>\n\t\t\t\t<\/div>\n\t\t\t\t<\/div>\n\t\t\t\t\t<\/div>\n\t\t\t\t<\/div>\n\t\t<div class=\"elementor-element elementor-element-1466e6d e-flex e-con-boxed e-con e-parent\" data-id=\"1466e6d\" data-element_type=\"container\">\n\t\t\t\t\t<div class=\"e-con-inner\">\n\t\t<div class=\"elementor-element elementor-element-ba7bb93 e-con-full e-flex elementor-invisible e-con e-child\" data-id=\"ba7bb93\" data-element_type=\"container\" data-settings=\"{&quot;animation&quot;:&quot;fadeIn&quot;,&quot;animation_delay&quot;:200}\">\n\t\t<div class=\"elementor-element elementor-element-01fd895 e-con-full e-flex e-con e-child\" data-id=\"01fd895\" data-element_type=\"container\">\n\t\t<div class=\"elementor-element elementor-element-c662dcf e-con-full e-flex e-con e-child\" data-id=\"c662dcf\" data-element_type=\"container\">\n\t\t\t\t<div class=\"elementor-element elementor-element-03818b8 elementor-widget elementor-widget-text-editor\" data-id=\"03818b8\" data-element_type=\"widget\" data-widget_type=\"text-editor.default\">\n\t\t\t\t<div class=\"elementor-widget-container\">\n\t\t\t\t\t\t\t\t\t<div><div>Puedes cambiar las preferencias de tu navegador para limitar el acceso de determinadas cookies a tu ordenador. Estas preferencias se suelen encontrar en el men\u00fa <em>\u00abOpciones\u00bb<\/em> o <em>\u00abPreferencias\u00bb<\/em> de tu navegador. Puedes encontrar m\u00e1s informaci\u00f3n aqu\u00ed, o en el men\u00fa <em>\u00abAyuda\u00bb<\/em> de tu navegador: Preferencias de cookies en Internet Explorer Preferencias de cookies en Chrome Preferencias de cookies en Firefox Preferencias de cookies en Safari No obstante, si cambias tus preferencias y bloqueas las cookies, algunas funcionalidades de nuestra web quedar\u00e1n anuladas y no podr\u00e1s sacar todo el partido a las caracter\u00edsticas de nuestra web.\u00a0\u00a0<\/div><div>\u00a0<\/div><div>M\u00e1s informaci\u00f3n sobre cookies<\/div><div>Puedes encontrar m\u00e1s informaci\u00f3n sobre cookies en: <a href=\"http:\/\/www.allaboutcookies.org\"><strong>www.allaboutcookies.org<\/strong><\/a> o <strong><a href=\"http:\/\/www.youronlinechoices.eu\">www.youronlinechoices.eu\u00a0<\/a><\/strong><\/div><\/div><div>\u00a0<\/div>\t\t\t\t\t\t\t\t<\/div>\n\t\t\t\t<\/div>\n\t\t\t\t<\/div>\n\t\t\t\t<\/div>\n\t\t\t\t<\/div>\n\t\t\t\t\t<\/div>\n\t\t\t\t<\/div>\n\t\t\t\t<\/div>\n\t\t","protected":false},"excerpt":{"rendered":"<p>Pol\u00edtica de Cookies \u00bfAbire Asesores y Consultores en Formaci\u00f3n S.L utiliza cookies? Abire Asesores y Consultores en Formaci\u00f3n S.L utiliza cookies con el fin de facilitar tu navegaci\u00f3n y proporcionarte una mejor experiencia. Esta pol\u00edtica explica c\u00f3mo lo hacemos. \u00bfQu\u00e9 es una cookie? Como sabes, las cookies son peque\u00f1os ficheros de datos que se alojan [&hellip;]<\/p>\n","protected":false},"author":1,"featured_media":0,"parent":0,"menu_order":0,"comment_status":"closed","ping_status":"closed","template":"","meta":{"footnotes":""},"class_list":["post-633","page","type-page","status-publish","hentry"],"_links":{"self":[{"href":"https:\/\/abire.es\/nuevaweb\/wp-json\/wp\/v2\/pages\/633","targetHints":{"allow":["GET"]}}],"collection":[{"href":"https:\/\/abire.es\/nuevaweb\/wp-json\/wp\/v2\/pages"}],"about":[{"href":"https:\/\/abire.es\/nuevaweb\/wp-json\/wp\/v2\/types\/page"}],"author":[{"embeddable":true,"href":"https:\/\/abire.es\/nuevaweb\/wp-json\/wp\/v2\/users\/1"}],"replies":[{"embeddable":true,"href":"https:\/\/abire.es\/nuevaweb\/wp-json\/wp\/v2\/comments?post=633"}],"version-history":[{"count":25,"href":"https:\/\/abire.es\/nuevaweb\/wp-json\/wp\/v2\/pages\/633\/revisions"}],"predecessor-version":[{"id":3107,"href":"https:\/\/abire.es\/nuevaweb\/wp-json\/wp\/v2\/pages\/633\/revisions\/3107"}],"wp:attachment":[{"href":"https:\/\/abire.es\/nuevaweb\/wp-json\/wp\/v2\/media?parent=633"}],"curies":[{"name":"wp","href":"https:\/\/api.w.org\/{rel}","templated":true}]}}